{"id":8315,"date":"2025-11-24T10:19:40","date_gmt":"2025-11-24T09:19:40","guid":{"rendered":"https:\/\/tradelab.it\/?page_id=8315"},"modified":"2026-01-29T10:44:46","modified_gmt":"2026-01-29T09:44:46","slug":"contatti","status":"publish","type":"page","link":"https:\/\/tradelab.it\/it\/contatti\/","title":{"rendered":"Contatti"},"content":{"rendered":"\t\t<div data-elementor-type=\"wp-page\" data-elementor-id=\"8315\" class=\"elementor elementor-8315\" data-elementor-post-type=\"page\">\n\t\t\t\t<div class=\"elementor-element elementor-element-30885d96 e-flex e-con-boxed e-con e-parent\" data-id=\"30885d96\" data-element_type=\"container\" data-settings=\"{&quot;background_background&quot;:&quot;classic&quot;,&quot;jet_parallax_layout_list&quot;:[],&quot;background_motion_fx_motion_fx_scrolling&quot;:&quot;yes&quot;,&quot;background_motion_fx_translateY_effect&quot;:&quot;yes&quot;,&quot;background_motion_fx_translateY_direction&quot;:&quot;negative&quot;,&quot;background_motion_fx_translateY_speed&quot;:{&quot;unit&quot;:&quot;px&quot;,&quot;size&quot;:2.3,&quot;sizes&quot;:[]},&quot;background_motion_fx_translateY_affectedRange&quot;:{&quot;unit&quot;:&quot;%&quot;,&quot;size&quot;:&quot;&quot;,&quot;sizes&quot;:{&quot;start&quot;:22,&quot;end&quot;:100}},&quot;animation&quot;:&quot;none&quot;,&quot;background_motion_fx_devices&quot;:[&quot;widescreen&quot;,&quot;desktop&quot;,&quot;laptop&quot;,&quot;tablet_extra&quot;,&quot;tablet&quot;,&quot;mobile_extra&quot;,&quot;mobile&quot;]}\">\n\t\t\t\t\t<div class=\"e-con-inner\">\n\t\t<div class=\"elementor-element elementor-element-6bada8b8 e-con-full e-flex e-con e-child\" data-id=\"6bada8b8\" data-element_type=\"container\" data-settings=\"{&quot;jet_parallax_layout_list&quot;:[]}\">\n\t\t\t\t<div class=\"elementor-element elementor-element-3bff5541 elementor-widget elementor-widget-heading\" data-id=\"3bff5541\" data-element_type=\"widget\" data-widget_type=\"heading.default\">\n\t\t\t\t<div class=\"elementor-widget-container\">\n\t\t\t\t\t<h1 class=\"elementor-heading-title elementor-size-default\">Mettiti in contatto<\/h1>\t\t\t\t<\/div>\n\t\t\t\t<\/div>\n\t\t\t\t<div class=\"elementor-element elementor-element-1e132a60 elementor-widget elementor-widget-text-editor\" data-id=\"1e132a60\" data-element_type=\"widget\" data-widget_type=\"text-editor.default\">\n\t\t\t\t<div class=\"elementor-widget-container\">\n\t\t\t\t\t\t\t\t\t<p>Grazie per il tuo interesse verso TradeLab. Per favore, compila il modulo con tutte le informazioni necessarie perch\u00e9 possiamo supportarti al meglio. La tua richiesta sar\u00e0 indirizzata alla persona pi\u00f9 adatta. Riceverai una risposta entro breve tempo.<\/p>\t\t\t\t\t\t\t\t<\/div>\n\t\t\t\t<\/div>\n\t\t\t\t<div class=\"elementor-element elementor-element-42e74a4 elementor-widget elementor-widget-text-editor\" data-id=\"42e74a4\" data-element_type=\"widget\" data-widget_type=\"text-editor.default\">\n\t\t\t\t<div class=\"elementor-widget-container\">\n\t\t\t\t\t\t\t\t\t<p>Chiamaci:<\/p>\t\t\t\t\t\t\t\t<\/div>\n\t\t\t\t<\/div>\n\t\t\t\t<div class=\"elementor-element elementor-element-19b7fd3 elementor-widget elementor-widget-button\" data-id=\"19b7fd3\" data-element_type=\"widget\" data-widget_type=\"button.default\">\n\t\t\t\t<div class=\"elementor-widget-container\">\n\t\t\t\t\t\t\t\t\t<div class=\"elementor-button-wrapper\">\n\t\t\t\t\t<a class=\"elementor-button elementor-button-link elementor-size-sm\" href=\"tel:+3902799%20061\">\n\t\t\t\t\t\t<span class=\"elementor-button-content-wrapper\">\n\t\t\t\t\t\t\t\t\t<span class=\"elementor-button-text\">+39 02 799 061<\/span>\n\t\t\t\t\t<\/span>\n\t\t\t\t\t<\/a>\n\t\t\t\t<\/div>\n\t\t\t\t\t\t\t\t<\/div>\n\t\t\t\t<\/div>\n\t\t\t\t<div class=\"elementor-element elementor-element-4830a03 elementor-widget elementor-widget-text-editor\" data-id=\"4830a03\" data-element_type=\"widget\" data-widget_type=\"text-editor.default\">\n\t\t\t\t<div class=\"elementor-widget-container\">\n\t\t\t\t\t\t\t\t\t<p>Scrivici:<br \/><a href=\"mailto:tradelab@tradelab.it\">tradelab@tradelab.it<\/a><\/p>\t\t\t\t\t\t\t\t<\/div>\n\t\t\t\t<\/div>\n\t\t\t\t<\/div>\n\t\t<div class=\"elementor-element elementor-element-4e03ef9d e-con-full e-flex e-con e-child\" data-id=\"4e03ef9d\" data-element_type=\"container\" data-settings=\"{&quot;jet_parallax_layout_list&quot;:[]}\">\n\t\t\t\t<div class=\"elementor-element elementor-element-834b2fa elementor-widget elementor-widget-formidable\" data-id=\"834b2fa\" data-element_type=\"widget\" data-widget_type=\"formidable.default\">\n\t\t\t\t<div class=\"elementor-widget-container\">\n\t\t\t\t\t<div class=\"frm_forms  with_frm_style frm_style_tradelab\" id=\"frm_form_3_container\" data-token=\"372c8817038e389b9d549b032741c774\">\n<form enctype=\"multipart\/form-data\" method=\"post\" class=\"frm-show-form  frm_pro_form \" id=\"form_form-generico\" data-token=\"372c8817038e389b9d549b032741c774\">\n<div class=\"frm_form_fields \">\n<fieldset>\n<legend class=\"frm_screen_reader\">Form Contatti<\/legend>\r\n\r\n<div class=\"frm_fields_container\">\n<input type=\"hidden\" name=\"frm_action\" value=\"create\" \/>\n<input type=\"hidden\" name=\"form_id\" value=\"3\" \/>\n<input type=\"hidden\" name=\"frm_hide_fields_3\" id=\"frm_hide_fields_3\" value=\"\" \/>\n<input type=\"hidden\" name=\"form_key\" value=\"form-generico\" \/>\n<input type=\"hidden\" name=\"item_meta[0]\" value=\"\" \/>\n<input type=\"hidden\" id=\"frm_submit_entry_3\" name=\"frm_submit_entry_3\" value=\"564f1af681\" \/><input type=\"hidden\" name=\"_wp_http_referer\" value=\"\/it\/wp-json\/wp\/v2\/pages\/8315\" \/><div id=\"frm_field_17_container\" class=\"frm_form_field form-field  frm_required_field frm_top_container frm6 frm_first\">\r\n\t<label for=\"field_vfqyl2\" id=\"field_vfqyl2_label\" class=\"frm_primary_label\">Nome\r\n\t\t<span class=\"frm_required\" aria-hidden=\"true\">*<\/span>\r\n\t<\/label>\r\n\t<input  type=\"text\" id=\"field_vfqyl2\" name=\"item_meta[17]\" value=\"\"  placeholder=\"Nome\" data-reqmsg=\"Nome non pu\u00f2 essere vuoto.\" aria-required=\"true\" data-invmsg=\"Nome non \u00e8 valido\" aria-invalid=\"false\"   \/>\r\n\t\r\n\t\r\n<\/div>\n<div id=\"frm_field_18_container\" class=\"frm_form_field form-field  frm_required_field frm_top_container frm6\">\r\n\t<label for=\"field_8t7dm2\" id=\"field_8t7dm2_label\" class=\"frm_primary_label\">Cognome\r\n\t\t<span class=\"frm_required\" aria-hidden=\"true\">*<\/span>\r\n\t<\/label>\r\n\t<input  type=\"text\" id=\"field_8t7dm2\" name=\"item_meta[18]\" value=\"\"  placeholder=\"Cognome\" data-reqmsg=\"Cognome non pu\u00f2 essere vuoto.\" aria-required=\"true\" data-invmsg=\"Cognome non \u00e8 valido\" aria-invalid=\"false\"   \/>\r\n\t\r\n\t\r\n<\/div>\n<div id=\"frm_field_56_container\" class=\"frm_form_field form-field  frm_top_container frm6 frm_first\">\r\n\t<label for=\"field_ab5fi\" id=\"field_ab5fi_label\" class=\"frm_primary_label\">Azienda o Ente\r\n\t\t<span class=\"frm_required\" aria-hidden=\"true\"><\/span>\r\n\t<\/label>\r\n\t<input  type=\"text\" id=\"field_ab5fi\" name=\"item_meta[56]\" value=\"\"  placeholder=\"Nome Azienda o Ente\" data-invmsg=\"Azienda o Ente non \u00e8 valido\" aria-invalid=\"false\"   \/>\r\n\t\r\n\t\r\n<\/div>\n<div id=\"frm_field_25_container\" class=\"frm_form_field form-field  frm_required_field frm_top_container frm6\">\r\n\t<label for=\"field_4b4kc\" id=\"field_4b4kc_label\" class=\"frm_primary_label\">Area di interesse principale\r\n\t\t<span class=\"frm_required\" aria-hidden=\"true\">*<\/span>\r\n\t<\/label>\r\n\t\t\t<select name=\"item_meta[25]\" id=\"field_4b4kc\"  data-placeholder=\"Seleziona l&#039;area\"  data-frmval=\"Away From Home\" data-frmplaceholder=\"Seleziona l&#039;area\" placeholder=\"Seleziona l&#039;area\" data-reqmsg=\"Area di interesse principale non pu\u00f2 essere vuoto.\" aria-required=\"true\" data-invmsg=\"Area di interesse principale non \u00e8 valido\" aria-invalid=\"false\"  >\n\t\t<option  class=\"frm-select-placeholder\" value=\"\" data-placeholder=\"true\">Seleziona l&#039;area<\/option><option  value=\"Away From Home\" selected='selected'>Away From Home<\/option><option  value=\"Retail\">Retail<\/option><option  value=\"Pharma e Healthcare\">Pharma e Healthcare<\/option><option  value=\"PA &amp; Marketing Territoriale\">PA &amp; Marketing Territoriale<\/option>\t<\/select>\n\t\r\n\t\r\n\t\r\n<\/div>\n<div id=\"frm_field_20_container\" class=\"frm_form_field form-field  frm_required_field frm_top_container\">\r\n\t<label for=\"field_wo0qn2\" id=\"field_wo0qn2_label\" class=\"frm_primary_label\">Email\r\n\t\t<span class=\"frm_required\" aria-hidden=\"true\">*<\/span>\r\n\t<\/label>\r\n\t<input type=\"email\" id=\"field_wo0qn2\" name=\"item_meta[20]\" value=\"\"  autocomplete=\"email\"  placeholder=\"Email\" data-reqmsg=\"Email non pu\u00f2 essere vuoto.\" aria-required=\"true\" data-invmsg=\"Email non \u00e8 valido\" aria-invalid=\"false\"  \/>\r\n\t\r\n\t\r\n<\/div>\n<div id=\"frm_field_21_container\" class=\"frm_form_field form-field  frm_top_container\">\r\n\t<label for=\"field_d1v0b2\" id=\"field_d1v0b2_label\" class=\"frm_primary_label\">Telefono\r\n\t\t<span class=\"frm_required\" aria-hidden=\"true\"><\/span>\r\n\t<\/label>\r\n\t<input type=\"tel\" id=\"field_d1v0b2\" name=\"item_meta[21]\" value=\"\"  placeholder=\"Telefono\" data-invmsg=\"Telefono non \u00e8 valido\" aria-invalid=\"false\" pattern=\"((\\+\\d{1,3}(-|.| )?\\(?\\d\\)?(-| |.)?\\d{1,5})|(\\(?\\d{2,6}\\)?))(-|.| )?(\\d{3,4})(-|.| )?(\\d{4})(( x| ext)\\d{1,5}){0,1}$\"  \/>\r\n\t\r\n\t\r\n<\/div>\n<div id=\"frm_field_22_container\" class=\"frm_form_field form-field  frm_top_container\">\r\n\t<label for=\"field_kswl82\" id=\"field_kswl82_label\" class=\"frm_primary_label\">Messaggio\r\n\t\t<span class=\"frm_required\" aria-hidden=\"true\"><\/span>\r\n\t<\/label>\r\n\t<textarea name=\"item_meta[22]\" id=\"field_kswl82\" rows=\"5\"  placeholder=\"Scrivi un messaggio\" data-invmsg=\"Messaggio non \u00e8 valido\" aria-invalid=\"false\"  ><\/textarea>\r\n\t\r\n\t\r\n<\/div>\n<input type=\"hidden\" name=\"item_meta[61]\" id=\"field_7dmfo\" value=\"https:\/\/tradelab.it\/it\/wp-json\/wp\/v2\/pages\/8315\"  data-frmval=\"https:\/\/tradelab.it\/it\/wp-json\/wp\/v2\/pages\/8315\"   \/>\n<div id=\"frm_field_23_container\" class=\"frm_form_field form-field  frm_required_field frm_top_container vertical_radio\">\r\n\t<div  id=\"field_3ix4h2_label\" class=\"frm_primary_label\">Privacy Policy\r\n\t\t<span class=\"frm_required\" aria-hidden=\"true\">*<\/span>\r\n\t<\/div>\r\n\t<div class=\"frm_opt_container\" aria-labelledby=\"field_3ix4h2_label\" role=\"group\">\t\t<div class=\"frm_checkbox\" id=\"frm_checkbox_23-0\">\t\t\t<label  for=\"field_3ix4h2-0\">\n\t\t\t<input type=\"checkbox\" name=\"item_meta[23][]\" id=\"field_3ix4h2-0\" value=\"Dichiaro di aver preso visione della Privacy Policy di Tradelab\"  data-reqmsg=\"Privacy Policy non pu\u00f2 essere vuoto.\" data-invmsg=\"Privacy Policy non \u00e8 valido\"   aria-required=\"true\"  \/> Dichiaro di aver preso visione della Privacy Policy di Tradelab<\/label><\/div>\n<\/div>\r\n\t\r\n\t\r\n<\/div>\n<div id=\"frm_field_62_container\" class=\"frm_form_field form-field  frm_none_container\">\n\t<label for=\"cf-turnstile-response\" id=\"field_e8flv_label\" class=\"frm_primary_label\">Captcha\n\t\t<span class=\"frm_required\" aria-hidden=\"true\"><\/span>\n\t<\/label>\n\t<div  id=\"field_e8flv\" class=\"frm-cf-turnstile\" data-sitekey=\"0x4AAAAAABq2RhZIOS1visGs\" data-language=\"it-IT\" data-size=\"normal\" data-theme=\"light\"><\/div>\n\t\n\t\n<\/div>\n<div id=\"frm_field_24_container\" class=\"frm_form_field form-field \">\r\n\t<div class=\"frm_submit frm_flex\">\r\n<button class=\"frm_button_submit frm_final_submit\" type=\"submit\"   formnovalidate=\"formnovalidate\">Contattaci<\/button>\r\n\r\n\r\n\r\n<\/div>\r\n<\/div>\n\t<input type=\"hidden\" name=\"item_key\" value=\"\" \/>\n\t\t\t<div id=\"frm_field_145_container\">\n\t\t\t<label for=\"field_k8z68\" >\n\t\t\t\tSe sei un essere umano, lascia questo campo vuoto.\t\t\t<\/label>\n\t\t\t<input  id=\"field_k8z68\" type=\"text\" class=\"frm_form_field form-field frm_verify\" name=\"item_meta[145]\" value=\"\"  \/>\n\t\t<\/div>\n\t\t<input name=\"frm_state\" type=\"hidden\" value=\"241GLCM43C6UrvjpiHHtwRZUM3oPmLw1YPhbvXORrZ9VnOpYbbOPWT5F4IwzKGS0\" \/><\/div>\n<\/fieldset>\n<\/div>\n\n<\/form>\n<\/div>\n\t\t\t\t<\/div>\n\t\t\t\t<\/div>\n\t\t\t\t<\/div>\n\t\t\t\t\t<\/div>\n\t\t\t\t<\/div>\n\t\t<div class=\"elementor-element elementor-element-234a09c e-con-full e-flex e-con e-parent\" data-id=\"234a09c\" data-element_type=\"container\" data-settings=\"{&quot;jet_parallax_layout_list&quot;:[]}\">\n\t\t\t\t<div class=\"elementor-element elementor-element-b307646 elementor-widget__width-inherit elementor-widget elementor-widget-jet-map\" data-id=\"b307646\" data-element_type=\"widget\" data-widget_type=\"jet-map.default\">\n\t\t\t\t<div class=\"elementor-widget-container\">\n\t\t\t\t\t<div class=\"jet-map\" data-init=\"{&quot;center&quot;:{&quot;lat&quot;:45.4889884,&quot;lng&quot;:9.2213412},&quot;zoom&quot;:11,&quot;scrollwheel&quot;:false,&quot;zoomControl&quot;:true,&quot;fullscreenControl&quot;:true,&quot;streetViewControl&quot;:true,&quot;mapTypeControl&quot;:true,&quot;pinsAutoClose&quot;:false,&quot;styles&quot;:[{&quot;featureType&quot;:&quot;water&quot;,&quot;elementType&quot;:&quot;geometry&quot;,&quot;stylers&quot;:[{&quot;color&quot;:&quot;#e9e9e9&quot;},{&quot;lightness&quot;:17}]},{&quot;featureType&quot;:&quot;landscape&quot;,&quot;elementType&quot;:&quot;geometry&quot;,&quot;stylers&quot;:[{&quot;color&quot;:&quot;#f5f5f5&quot;},{&quot;lightness&quot;:20}]},{&quot;featureType&quot;:&quot;road.highway&quot;,&quot;elementType&quot;:&quot;geometry.fill&quot;,&quot;stylers&quot;:[{&quot;color&quot;:&quot;#ffffff&quot;},{&quot;lightness&quot;:17}]},{&quot;featureType&quot;:&quot;road.highway&quot;,&quot;elementType&quot;:&quot;geometry.stroke&quot;,&quot;stylers&quot;:[{&quot;color&quot;:&quot;#ffffff&quot;},{&quot;lightness&quot;:29},{&quot;weight&quot;:0.2}]},{&quot;featureType&quot;:&quot;road.arterial&quot;,&quot;elementType&quot;:&quot;geometry&quot;,&quot;stylers&quot;:[{&quot;color&quot;:&quot;#ffffff&quot;},{&quot;lightness&quot;:18}]},{&quot;featureType&quot;:&quot;road.local&quot;,&quot;elementType&quot;:&quot;geometry&quot;,&quot;stylers&quot;:[{&quot;color&quot;:&quot;#ffffff&quot;},{&quot;lightness&quot;:16}]},{&quot;featureType&quot;:&quot;poi&quot;,&quot;elementType&quot;:&quot;geometry&quot;,&quot;stylers&quot;:[{&quot;color&quot;:&quot;#f5f5f5&quot;},{&quot;lightness&quot;:21}]},{&quot;featureType&quot;:&quot;poi.park&quot;,&quot;elementType&quot;:&quot;geometry&quot;,&quot;stylers&quot;:[{&quot;color&quot;:&quot;#dedede&quot;},{&quot;lightness&quot;:21}]},{&quot;elementType&quot;:&quot;labels.text.stroke&quot;,&quot;stylers&quot;:[{&quot;visibility&quot;:&quot;on&quot;},{&quot;color&quot;:&quot;#ffffff&quot;},{&quot;lightness&quot;:16}]},{&quot;elementType&quot;:&quot;labels.text.fill&quot;,&quot;stylers&quot;:[{&quot;saturation&quot;:36},{&quot;color&quot;:&quot;#333333&quot;},{&quot;lightness&quot;:40}]},{&quot;elementType&quot;:&quot;labels.icon&quot;,&quot;stylers&quot;:[{&quot;visibility&quot;:&quot;off&quot;}]},{&quot;featureType&quot;:&quot;transit&quot;,&quot;elementType&quot;:&quot;geometry&quot;,&quot;stylers&quot;:[{&quot;color&quot;:&quot;#f2f2f2&quot;},{&quot;lightness&quot;:19}]},{&quot;featureType&quot;:&quot;administrative&quot;,&quot;elementType&quot;:&quot;geometry.fill&quot;,&quot;stylers&quot;:[{&quot;color&quot;:&quot;#fefefe&quot;},{&quot;lightness&quot;:20}]},{&quot;featureType&quot;:&quot;administrative&quot;,&quot;elementType&quot;:&quot;geometry.stroke&quot;,&quot;stylers&quot;:[{&quot;color&quot;:&quot;#fefefe&quot;},{&quot;lightness&quot;:17},{&quot;weight&quot;:1.2}]}]}\" data-pins=\"[{&quot;address&quot;:&quot;Via Marco D\\u2019Aviano, 2, Milano&quot;,&quot;position&quot;:{&quot;lat&quot;:45.4889884,&quot;lng&quot;:9.2213412},&quot;desc&quot;:&quot;&lt;p&gt;&lt;strong&gt;TradeLab&lt;\\\/strong&gt;&lt;\\\/p&gt;&lt;p&gt;Via Marco D\\u2019Aviano, 2, Milano&lt;\\\/p&gt;&quot;,&quot;state&quot;:&quot;visible&quot;}]\"><\/div>\t\t\t\t<\/div>\n\t\t\t\t<\/div>\n\t\t\t\t<\/div>\n\t\t\t\t<\/div>\n\t\t","protected":false},"excerpt":{"rendered":"<p>Mettiti in contatto Grazie per il tuo interesse verso TradeLab. Per favore, compila il modulo con tutte le informazioni necessarie perch\u00e9 possiamo supportarti al meglio. La tua richiesta sar\u00e0 indirizzata alla persona pi\u00f9 adatta. Riceverai una risposta entro breve tempo. Chiamaci: +39 02 799 061 Scrivici:tradelab@tradelab.it Form Contatti Nome * Cognome * Azienda Area di [&hellip;]<\/p>\n","protected":false},"author":1,"featured_media":0,"parent":0,"menu_order":0,"comment_status":"closed","ping_status":"closed","template":"","meta":{"_acf_changed":false,"footnotes":""},"class_list":["post-8315","page","type-page","status-publish","hentry"],"acf":[],"yoast_head":"<!-- This site is optimized with the Yoast SEO plugin v26.6 - https:\/\/yoast.com\/wordpress\/plugins\/seo\/ -->\n<title>Contatti - informazioni e assistenza - TradeLab<\/title>\n<meta name=\"description\" content=\"Contatta TradeLab per richieste commerciali, supporto tecnico o informazioni sui nostri servizi.\" \/>\n<meta name=\"robots\" content=\"index, follow, max-snippet:-1, max-image-preview:large, max-video-preview:-1\" \/>\n<link rel=\"canonical\" href=\"https:\/\/tradelab.it\/it\/contatti\/\" \/>\n<meta property=\"og:locale\" content=\"it_IT\" \/>\n<meta property=\"og:type\" content=\"article\" \/>\n<meta property=\"og:title\" content=\"Contatti - informazioni e assistenza - TradeLab\" \/>\n<meta property=\"og:description\" content=\"Contatta TradeLab per richieste commerciali, supporto tecnico o informazioni sui nostri servizi.\" \/>\n<meta property=\"og:url\" content=\"https:\/\/tradelab.it\/it\/contatti\/\" \/>\n<meta property=\"og:site_name\" content=\"Tradelab\" \/>\n<meta property=\"article:modified_time\" content=\"2026-01-29T09:44:46+00:00\" \/>\n<meta name=\"twitter:card\" content=\"summary_large_image\" \/>\n<meta name=\"twitter:label1\" content=\"Tempo di lettura stimato\" \/>\n\t<meta name=\"twitter:data1\" content=\"15 minuti\" \/>\n<script type=\"application\/ld+json\" class=\"yoast-schema-graph\">{\"@context\":\"https:\/\/schema.org\",\"@graph\":[{\"@type\":\"WebPage\",\"@id\":\"https:\/\/tradelab.it\/it\/contatti\/\",\"url\":\"https:\/\/tradelab.it\/it\/contatti\/\",\"name\":\"Contatti - informazioni e assistenza - TradeLab\",\"isPartOf\":{\"@id\":\"https:\/\/tradelab.it\/it\/#website\"},\"datePublished\":\"2025-11-24T09:19:40+00:00\",\"dateModified\":\"2026-01-29T09:44:46+00:00\",\"description\":\"Contatta TradeLab per richieste commerciali, supporto tecnico o informazioni sui nostri servizi.\",\"breadcrumb\":{\"@id\":\"https:\/\/tradelab.it\/it\/contatti\/#breadcrumb\"},\"inLanguage\":\"it-IT\",\"potentialAction\":[{\"@type\":\"ReadAction\",\"target\":[\"https:\/\/tradelab.it\/it\/contatti\/\"]}]},{\"@type\":\"BreadcrumbList\",\"@id\":\"https:\/\/tradelab.it\/it\/contatti\/#breadcrumb\",\"itemListElement\":[{\"@type\":\"ListItem\",\"position\":1,\"name\":\"Home\",\"item\":\"https:\/\/tradelab.it\/it\/\"},{\"@type\":\"ListItem\",\"position\":2,\"name\":\"Contatti\"}]},{\"@type\":\"WebSite\",\"@id\":\"https:\/\/tradelab.it\/it\/#website\",\"url\":\"https:\/\/tradelab.it\/it\/\",\"name\":\"WordPress Elementor Scaffold\",\"description\":\"\",\"publisher\":{\"@id\":\"https:\/\/tradelab.it\/it\/#organization\"},\"potentialAction\":[{\"@type\":\"SearchAction\",\"target\":{\"@type\":\"EntryPoint\",\"urlTemplate\":\"https:\/\/tradelab.it\/it\/?s={search_term_string}\"},\"query-input\":{\"@type\":\"PropertyValueSpecification\",\"valueRequired\":true,\"valueName\":\"search_term_string\"}}],\"inLanguage\":\"it-IT\"},{\"@type\":\"Organization\",\"@id\":\"https:\/\/tradelab.it\/it\/#organization\",\"name\":\"WordPress Elementor Scaffold\",\"url\":\"https:\/\/tradelab.it\/it\/\",\"logo\":{\"@type\":\"ImageObject\",\"inLanguage\":\"it-IT\",\"@id\":\"https:\/\/tradelab.it\/it\/#\/schema\/logo\/image\/\",\"url\":\"https:\/\/d1p3byder6n0qz.cloudfront.net\/wp-content\/uploads\/logo-wordpress.png\",\"contentUrl\":\"https:\/\/d1p3byder6n0qz.cloudfront.net\/wp-content\/uploads\/logo-wordpress.png\",\"width\":200,\"height\":200,\"caption\":\"WordPress Elementor Scaffold\"},\"image\":{\"@id\":\"https:\/\/tradelab.it\/it\/#\/schema\/logo\/image\/\"}}]}<\/script>\n<!-- \/ Yoast SEO plugin. -->","yoast_head_json":{"title":"Contatti - informazioni e assistenza - TradeLab","description":"Contatta TradeLab per richieste commerciali, supporto tecnico o informazioni sui nostri servizi.","robots":{"index":"index","follow":"follow","max-snippet":"max-snippet:-1","max-image-preview":"max-image-preview:large","max-video-preview":"max-video-preview:-1"},"canonical":"https:\/\/tradelab.it\/it\/contatti\/","og_locale":"it_IT","og_type":"article","og_title":"Contatti - informazioni e assistenza - TradeLab","og_description":"Contatta TradeLab per richieste commerciali, supporto tecnico o informazioni sui nostri servizi.","og_url":"https:\/\/tradelab.it\/it\/contatti\/","og_site_name":"Tradelab","article_modified_time":"2026-01-29T09:44:46+00:00","twitter_card":"summary_large_image","twitter_misc":{"Tempo di lettura stimato":"15 minuti"},"schema":{"@context":"https:\/\/schema.org","@graph":[{"@type":"WebPage","@id":"https:\/\/tradelab.it\/it\/contatti\/","url":"https:\/\/tradelab.it\/it\/contatti\/","name":"Contatti - informazioni e assistenza - TradeLab","isPartOf":{"@id":"https:\/\/tradelab.it\/it\/#website"},"datePublished":"2025-11-24T09:19:40+00:00","dateModified":"2026-01-29T09:44:46+00:00","description":"Contatta TradeLab per richieste commerciali, supporto tecnico o informazioni sui nostri servizi.","breadcrumb":{"@id":"https:\/\/tradelab.it\/it\/contatti\/#breadcrumb"},"inLanguage":"it-IT","potentialAction":[{"@type":"ReadAction","target":["https:\/\/tradelab.it\/it\/contatti\/"]}]},{"@type":"BreadcrumbList","@id":"https:\/\/tradelab.it\/it\/contatti\/#breadcrumb","itemListElement":[{"@type":"ListItem","position":1,"name":"Home","item":"https:\/\/tradelab.it\/it\/"},{"@type":"ListItem","position":2,"name":"Contatti"}]},{"@type":"WebSite","@id":"https:\/\/tradelab.it\/it\/#website","url":"https:\/\/tradelab.it\/it\/","name":"WordPress Elementor Scaffold","description":"","publisher":{"@id":"https:\/\/tradelab.it\/it\/#organization"},"potentialAction":[{"@type":"SearchAction","target":{"@type":"EntryPoint","urlTemplate":"https:\/\/tradelab.it\/it\/?s={search_term_string}"},"query-input":{"@type":"PropertyValueSpecification","valueRequired":true,"valueName":"search_term_string"}}],"inLanguage":"it-IT"},{"@type":"Organization","@id":"https:\/\/tradelab.it\/it\/#organization","name":"WordPress Elementor Scaffold","url":"https:\/\/tradelab.it\/it\/","logo":{"@type":"ImageObject","inLanguage":"it-IT","@id":"https:\/\/tradelab.it\/it\/#\/schema\/logo\/image\/","url":"https:\/\/d1p3byder6n0qz.cloudfront.net\/wp-content\/uploads\/logo-wordpress.png","contentUrl":"https:\/\/d1p3byder6n0qz.cloudfront.net\/wp-content\/uploads\/logo-wordpress.png","width":200,"height":200,"caption":"WordPress Elementor Scaffold"},"image":{"@id":"https:\/\/tradelab.it\/it\/#\/schema\/logo\/image\/"}}]}},"_links":{"self":[{"href":"https:\/\/tradelab.it\/it\/wp-json\/wp\/v2\/pages\/8315","targetHints":{"allow":["GET"]}}],"collection":[{"href":"https:\/\/tradelab.it\/it\/wp-json\/wp\/v2\/pages"}],"about":[{"href":"https:\/\/tradelab.it\/it\/wp-json\/wp\/v2\/types\/page"}],"author":[{"embeddable":true,"href":"https:\/\/tradelab.it\/it\/wp-json\/wp\/v2\/users\/1"}],"replies":[{"embeddable":true,"href":"https:\/\/tradelab.it\/it\/wp-json\/wp\/v2\/comments?post=8315"}],"version-history":[{"count":62,"href":"https:\/\/tradelab.it\/it\/wp-json\/wp\/v2\/pages\/8315\/revisions"}],"predecessor-version":[{"id":9659,"href":"https:\/\/tradelab.it\/it\/wp-json\/wp\/v2\/pages\/8315\/revisions\/9659"}],"wp:attachment":[{"href":"https:\/\/tradelab.it\/it\/wp-json\/wp\/v2\/media?parent=8315"}],"curies":[{"name":"wp","href":"https:\/\/api.w.org\/{rel}","templated":true}]}}